{"id":190,"date":"2019-09-09T07:33:58","date_gmt":"2019-09-09T07:33:58","guid":{"rendered":"https:\/\/drrmasterclass.ro\/gastro\/?page_id=190"},"modified":"2024-06-04T09:46:26","modified_gmt":"2024-06-04T09:46:26","slug":"termeni-si-conditii","status":"publish","type":"page","link":"https:\/\/drrmasterclass.ro\/gastro\/termeni-si-conditii\/","title":{"rendered":"Termeni si Conditii"},"content":{"rendered":"\n<p>Acest website este de\u021binut \u0219i administrat, direct sau prin ter\u021bi, de c\u0103tre societatea Dr. Reddy&#8217;s Laboratories Romania SRL, cu sediul \u00een Strada Daniel Danielopolu nr. 30-32, spa\u021biul 1, etaj 5, cod po\u0219tal 074134, sector 1, Bucure\u0219ti, \u00eenregistrat\u0103 la Registrul Comer\u021bului cu nr. J40\/6590\/2010, CUI: RO27144903, Tel\/Fax: +40 212240032, E-mail: <a href=\"mailto:office@drreddys.ro\">office@drreddys.ro<\/a>, denumit\u0103 \u00een continuare DR. REDDY\u2019S.<\/p>\n<h5><b>Defini\u021bii<\/b><\/h5>\n<p>Utilizator \u2013 orice persoan\u0103 care viziteaz\u0103 website-ul sau care folose\u0219te serviciile acestuia. <\/p>\n<p>Date cu caracter personal \u2013 Orice informa\u021bie \u00een leg\u0103tura cu Utilizatorul care permite identificarea sa, \u00een mod direct sau indirect, cum ar fi nume, prenume, num\u0103r de telefon, e-mail, IP sau geoloca\u021bie \u0219i care sunt culese de la Utilizator sau furnizate de acesta \u00een timpul utiliz\u0103rii website-ului.   <\/p>\n<p>Drepturile de proprietate intelectual\u0103 privind site-ul \u2013 Totalitatea drepturilor de proprietate intelectual\u0103 de\u021binute de c\u0103tre Dr. Reddy\u2019s cu privire la website.  <\/p>\n<p>Con\u021binutul website-ului &#8211; texte, poze, baze de date, servicii, logo-uri, orice fel de informa\u021bii, etc. <\/p>\n<p>Termeni \u0219i condi\u021bii \u2013 condi\u021biile generale de utilizare a site-ului. <\/p>\n<h5><b>   Informa\u021biile oferite prin intermediul website-urilor <\/b><\/h5>\n<p>DR. REDDY\u2019S a creat acest website pentru a-\u0219i informa vizitatorii sau pentru a le furniza diverse servicii. Utilizarea acestui site de c\u0103tre dvs. este condi\u021bionat\u0103 de respectarea condi\u021biilor generale de acces \u0219i de utilizare detaliate mai jos (\u201eCondi\u021bii generale\u201d), precum \u0219i de respectarea ansamblului de legi aplicabile. <\/p>\n<p>Orice persoan\u0103 care acceseaz\u0103 acest site va trebui s\u0103 citeasc\u0103 ace\u0219ti Termeni \u0219i Condi\u021bii prezentate \u00een continuare. La accesarea site-ul, atunci c\u00e2nd \u00eel parcurge\u021bi \u0219i \u00eel utiliza\u021bi, dumneavoastr\u0103 accepta\u021bi implicit \u0219i necondi\u021bionat Condi\u021biile Generale, care prevaleaz\u0103 asupra oric\u0103rei alte \u00een\u021belegeri anterioare pe care a\u021bi putea s-o ave\u021bi cu DR. REDDY\u2019S. <\/p>\n<p>DR. REDDY\u2019S \u00ee\u0219i rezerva dreptul de a schimba \u0219i actualiza \u00een orice moment con\u021binutul acestui site. <\/p>\n<p>La actualizarea Termenilor \u0219i condi\u021biilor de folosire vom transmite o notificare. Aceste schimb\u0103ri vor intra \u00een vigoare din momentul public\u0103rii pe website. \u00cen caz de divergen\u021b\u0103 sau ne\u00een\u021belegeri \u00eentre DR. REDDY\u2019S \u0219i Utilizator, se vor aplica Termenii \u0219i condi\u021biile valabile la momentul interac\u021biunii. <\/p>\n<p>Website-urile de\u021binute de DR. REDDY\u2019S sunt, \u00een general, website-uri de prezentare. Informa\u021biile prezente pe acestea sunt at\u00e2t de interes general, puse la dispozi\u021bia utilizatorilor \u00een mod gratuit (zona public\u0103 a website-urilor), c\u00e2t \u0219i de interes specific, pentru diverse categorii de utilizatori (pacien\u021bi, profesioni\u0219ti \u00een domeniul s\u0103n\u0103t\u0103\u021bii etc.) \u0219i care pot avea access suplimentar la sec\u021biuni din website pe baz\u0103 de username \u0219i parol\u0103. Website-urile noastre au \u00een vedere concepte ce nu sunt adresabile minorilor, astfel c\u0103 nu solicit\u0103m informa\u021bii de la minori.<\/p>\n<h5><b>  Drepturi de proprietate intelectual\u0103 <\/b><\/h5>\n<p>\u00centregul con\u021binut al website-urilor DR. REDDY\u2019S (date, imagini, texte, grafica, simboluri, elemente de grafic\u0103 web, scripturi, programe \u0219i alte date) este proprietatea DR. REDDY\u2019S \u0219i este aparat de legea pentru protec\u021bia drepturilor de autor, toate drepturile fiind rezervate. Folosirea oric\u0103ror elemente enumerate mai sus, f\u0103r\u0103 ob\u021binerea unui acord prealabil de la de\u021b\u00een\u0103torii de drept, se pedepse\u0219te conform legilor \u00een vigoare.  <\/p>\n<p>Con\u021binutul website-urilor DR. REDDY\u2019S nu poate fi reprodus, modificat, transferat, distribuit, republicat, copiat sau transmis \u00een orice form\u0103, incluz\u00e2nd forma electronic\u0103, f\u0103r\u0103 permisiunea anterioar\u0103 scris\u0103 a reprezentan\u021bilor DR. REDDY\u2019S.  <\/p>\n<p>Numele DR. REDDY\u2019S este marc\u0103 \u00eenregistrat\u0103 de c\u0103tre DR. REDDY\u2019S. Reproducerea, imitarea, utilizarea sau aplicarea acestei m\u0103rci f\u0103r\u0103 a fi ob\u021binut \u00een prealabil autoriza\u021bie de la DR. REDDY\u2019S sau de la titularii respectivi nu este permis\u0103.   <\/p>\n<h5><b>  Limitarea r\u0103spunderii <\/b><\/h5>\n<p>Compania DR. REDDY\u2019S nu va fi r\u0103spunz\u0103toare pentru nici un fel de pagube directe sau indirecte, accidentale, speciale, inclusiv, dar fara a se limita la, pagube pentru pierderi rezult\u00e2nd din utilizarea sau imposibilitatea utiliz\u0103rii informa\u021biilor website-urilor sale. Acestea sunt oferite \u00een forma disponibil\u0103, f\u0103r\u0103 alte garan\u021bii. REDDY\u2019S nu este \u0219i nu poate fi responsabil\u0103 pentru neconcordante, indisponibilit\u0103\u021bi sau alte defecte ale website-urilor sale sau ale con\u021binutului acestora.<\/p>\n<h5><b>  Apararea de r\u0103spundere <\/b><\/h5>\n<p>Prin acceptarea utiliz\u0103rii website-urilor DR. REDDY\u2019S, v\u0103 exprima\u021bi \u00een mod expres \u0219i implicit acordul \u00een privin\u021ba urm\u0103toarelor :  <\/p>\n<ul>\n<li>utilizarea website-urilor se face pe propria r\u0103spundere a Utilizatorului <\/li>\n<li>DR. REDDY\u2019S este absolvit\u0103, \u00een mod expres, de toate \u0219i oricare din r\u0103spunderile directe sau indirecte, inclusiv, dar far\u0103 a se limita la, garan\u021biile de v\u00e2nzare sau conformitate cu specifica\u021biile unui anume scop. <\/li>\n<\/ul>\n<p>DR. REDDY\u2019S  nu garanteaz\u0103 c\u0103:  <\/p>\n<ul style=\"list-style: none;\">\n<li>\u2013 informa\u021biile vor \u00eendeplini toate cerin\u021bele dumneavoastr\u0103;  <\/li>\n<li>\u2013 serviciile vor fi ne\u00eentrerupte, la timp, sigure sau f\u0103r\u0103 erori;  <\/li>\n<li>\u2013 rezultatele ce se vor putea ob\u021bine din folosirea informa\u021biilor site-ului, vor fi corecte sau de \u00eencredere; <\/li>\n<li>\u2013 rezultatele ce se vor putea ob\u021bine din folosirea informa\u021biilor site-ului, vor fi corecte sau de \u00eencredere;  <\/li>\n<li>\u2013 calitatea oric\u0103ror, servicii, informa\u021bii sau altor materiale ob\u021binute de dumneavoastr\u0103 prin intermediul website-urilor, va satisface toate cerin\u021bele;  <\/li>\n<li>\u2013 orice eroare de program va fi corectat\u0103;  <\/li>\n<\/ul>\n<p>Utilizatorul este singura persoan\u0103 responsabil\u0103 de eventualele distrugeri cauzate sistemelor de calcul sau re\u021belei de pe care acceseaz\u0103 website-urile DR. REDDY\u2019S sau de orice alte pierderi de date, care ar putea fi rezultatul desc\u0103rc\u0103rii de informa\u021bii \u0219i servicii din con\u021binutului website-urilor. Niciun sfat sau alte informa\u021bii orale sau scrise, ob\u021binute de la aceste website-uri sau prin intermediul serviciilor acestora nu constituie o garan\u021bie, daca nu este stipulat expres \u00een termenii \u0219i condi\u021biile de utilizare.   <\/p>\n<h6>  Leg\u0103tura cu alte website-uri  <\/h6>\n<p>Plasarea unui hyperlink spre website-urile DR. REDDY\u2019S necesit\u0103 o autoriza\u021bie prealabil\u0103, \u00een scris, de la societatea DR. REDDY\u2019S. \u00cen consecin\u021b\u0103, dac\u0103 dori\u021bi s\u0103 plasa\u021bi un hyperlink spre unul dintre website-urle noastre trebuie s\u0103 contacta\u021bi responsabilul website-ului respectiv. \u00cen nici o situa\u021bie DR. REDDY\u2019S nu poate fi f\u0103cut\u0103 responsabil\u0103 pentru punerea la dispozi\u021bie a unor website-uri care fac obiectul unui hyperlink, plec\u00e2nd de la website-urile DR. REDDY\u2019S \u0219i nu este responsabil\u0103, \u00een nici un fel, de con\u021binutul, serviciile etc. disponibile pe aceste website-uri sau plec\u00e2nd de la aceste website-uri.   <\/p>\n<h6>Drept aplicabil  <\/h6>\n<p>Termeni \u0219i Condi\u021bii prezente, precum \u0219i orice litigiu \u00een leg\u0103tur\u0103 cu sau decurg\u00e2nd din clauzele acestor acestora ori rezultate din accesarea \/ func\u021bionarea \/ disfunc\u021bionalitatea website-urilor se supun dreptului intern rom\u00e2n. Limba Termenilor \u0219i Condi\u021biilor, precum \u0219i a website-urilor este limba rom\u00e2n\u0103. \u00cen caz de litigiu, instan\u021bele romane\u0219ti vor fi considerate exclusive competente in solutionarea acestuia. Utilizatorul website-urilor accept\u0103 s\u0103 adere la ace\u0219ti Termeni \u0219i Condi\u021bii. Utilizatorul website-urilor DR. REDDY\u2019S confirm\u0103 c\u0103 a citit \u0219i acceptat ace\u0219ti Termeni \u0219i Condi\u021bii. Utilizarea website-urilor de c\u0103tre client implic\u0103 acceptarea necondi\u021bionata a acestor Termeni \u0219i Condi\u021bii.  <\/p>\n<h6>Confiden\u021bialitate  <\/h6>\n<p>\u00cen calitate de proprietar al website-urilor sale, DR. REDDY\u2019S se angajeaz\u0103 s\u0103 p\u0103streze caracterul confiden\u021bial al informa\u021biilor furnizate de c\u0103tre dumneavoastr\u0103, la accesarea website-urilor sau, dup\u0103 caz, la completarea formularelor de contact sau de autentificare. <\/p>\n<p>DR. REDDY\u2019S utilizeaz\u0103 metode \u0219i tehnici de securitate, dar \u0219i politici interne \u0219i proceduri de lucru aplicabile angaja\u021bilor sau transferate ter\u021bilor pentru a proteja confiden\u021bialitatea datelor colectate, care nu vor fi dezv\u0103luite altor ter\u021bi, \u00een afara partenerilor \u0219i \u00eemputernici\u021bilor no\u0219tri, dec\u00e2t \u00een condi\u021biile legii. <\/p>\n<h6>Informa\u021bii medicale  <\/h6>\n<p>Website-urile DR. REDDY\u2019S pot con\u021bine informa\u021bii generale referitoare la diferite afec\u021biuni medicale \u0219i tratamentul acestora. Aceste informa\u021bii sunt furnizate doar cu scop informativ \u0219i nu sunt menite s\u0103 \u00eenlocuiasc\u0103 sfaturile furnizate de un medic sau de un alt profesionist medical calificat. Pacien\u021bii nu ar trebui s\u0103 utilizeze informa\u021biile con\u021binute, pentru a diagnostica o problem\u0103 de s\u0103n\u0103tate. Pacien\u021bilor li se recomand\u0103 s\u0103 consulte \u00eentotdeauna un medic pentru consiliere medical\u0103 sau informa\u021bii despre diagnosticare \u0219i tratament.  <\/p>\n<h6>Protec\u021bia datelor cu caracter personal  <\/h6>\n<p>DR. REDDY\u2019S a creat website-urile sale pentru a fi \u00een contact \u0219i pentru a-\u0219i informa Utilizatorii  sau alte categorii de persoane interesate, pentru a-\u0219i promova serviciile sale \u0219i pentru a se putea face cunoscut \u00een mediul online. <\/p>\n<p>\u00cen vederea asigur\u0103rii func\u021bionalit\u0103\u021bii website-urilor sale, DR. REDDY\u2019S colecteaz\u0103 \u0219i folose\u0219te o serie de date personale de la vizitatorii site-ului. C\u00e2nd vizita\u021bi website-urile DR. REDDY\u2019S, c\u00e2nd ne contacta\u021bi, autentifica\u021bi sau c\u00e2nd apela\u021bi la serviciile noastre, ne \u00eencredin\u021ba\u021bi informa\u021biile dvs. Acestea pot fi furnizate direct prin completarea diverselor formulare (de exemplu formularul de contact &#8211; nume, adres\u0103 de email etc.) sau colectate automat de serverul web sau prin intermediul cookies-urilor (IP, sistemul de operare, browser-ul utilizat etc.).  <\/p>\n<p>Trat\u0103m cu seriozitate confiden\u021bialitatea dvs., fiind pe deplin con\u0219tien\u021bi de faptul c\u0103 informa\u021biile dv. personale v\u0103 apar\u021b\u00een \u0219i facem tot posibilul s\u0103 le stoc\u0103m \u00een siguran\u021b\u0103, prin intermediul \u00eemputernici\u021bilor no\u0219tri autoriza\u021bi \u0219i s\u0103 proces\u0103m cu aten\u021bie informa\u021biile pe care le \u00eempartasiti cu noi.  <\/p>\n<p>Aceste date sunt p\u0103strate de noi \u00een condi\u021bii de maxim\u0103 siguran\u021b\u0103 \u0219i pe termen limitat \u0219i le \u0219tergem sau nu le mai utiliz\u0103m, atunci c\u00e2nd nu ne mai sunt necesare sau dac\u0103 ne ve\u021bi solicita acest lucru.  Nu folosim informa\u021biile de la dvs. \u00een alte scopuri, nu vindem niciodat\u0103 liste sau adrese de e-mail \u0219i nici nu le distribuim altcuiva \u00een afara partenerilor \u0219i \u00eemputernici\u021bilor no\u0219tri, f\u0103r\u0103 s\u0103 v\u0103 inform\u0103m despre acest lucru \u0219i f\u0103r\u0103 s\u0103 avem acordul dvs. \u00een acest sens.  <\/p>\n<p>Pentru evitarea oric\u0103rui dubiu, v\u0103 inform\u0103m c\u0103 DR. REDDY\u2019S nu v\u0103 avea acces la datele dvs. cu caracter personal \u00een mod nemijlocit, acestea fiind colectate \u0219i prelucrate, prin \u00eemputernici\u021bi, care vor furniza DR. REDDY\u2019S, \u00een scop de raportare, statistici \u0219i date agregate. Cu toate acestea, \u00een cazul \u00een care DR. REDDY\u2019S v\u0103 dob\u00e2ndi acces la date personale,\u00een mod nemijlocit, persoanele vizate vor fi informate specific \u00een acest sens \u0219i li se va solicita acordul explicit cu privire la aceast\u0103 opera\u021biune. <\/p>\n<p>Ne pute\u021bi contacta oric\u00e2nd, pe datele de contact indicate, atunci c\u00e2nd dori\u021bi s\u0103 v\u0103 exercita\u021bi oricare dintre drepturile conferite de legisla\u021bia \u00een vigoare, iar dac\u0103 dori\u021bi s\u0103 afla\u021bi mai multe despre modalitatea \u00een care utiliz\u0103m datele dvs. personale v\u0103 invit\u0103m s\u0103 citi\u021bi \u201eNota de informare referitoare la protec\u021bia datelor cu caracter personal\u201d.  <\/p>\n<p>Scopul acestei Note de informare este s\u0103 v\u0103 explice, \u00een detaliu, ce date prelucr\u0103m, de ce le prelucr\u0103m \u0219i ce facem cu acestea. <\/p>\n<p>Aceste informa\u021bii sunt importante. V\u0103 rug\u0103m s\u0103 le citi\u021bi cu aten\u021bie. Prin navigarea pe website-urile noastre sau prin contactarea noastr\u0103, prin intermediul formularelor de pe site, se consider\u0103 c\u0103 a\u021bi fost informat \u00een mod adecvat asupra prelucr\u0103rii datelor cu caracter personal.   <\/p>\n<h5><b>Cookies <\/b><\/h5>\n<h6>Ce sunt cookies-urile?<\/h6>\n<p>Cookie-urile sunt fi\u0219iere de tip text, oferite browser-ului dvs. de un server web \u0219i stocate apoi pe hard-disk-ul computerului dvs. Folosirea cookie-urilor este un standard actual la multe dintre site-urile pe care le vizita\u021bi. Majoritatea browserelor sunt setate s\u0103 accepte cookie-uri.     <\/p>\n<h6>Cum utiliz\u0103m cookies-urile? <\/h6>\n<p>Majoritatea website-urilor noastre utilizeaz\u0103 Google Analytics, un serviciu de analiz\u0103 web furnizat de Google, Inc. (\u201eGoogle\u201d) care ne ajut\u0103 s\u0103 analiz\u0103m constant modul \u00een care utilizatorii utilizeaz\u0103 website-urile noastre. \u00cen acest scop, Google Analytics utilizeaz\u0103 \u201ecookie-uri\u201d, care sunt fi\u0219iere-text plasate \u00een calculatorul dumneavoastr\u0103. Google va utiliza aceste informa\u021bii \u00een scopul evalu\u0103rii utiliz\u0103rii website-urilor, al compil\u0103rii rapoartelor privind activit\u0103\u021bile website-urilor pentru operatorii de site \u0219i \u00een furnizarea altor servicii legate de activitatea website-urilor \u0219i de utilizarea internetului. Informa\u021biile generate de cookie-uri cu privire la modul \u00een care sunt utilizate website-urilor \u2013 informa\u021bii standard de jurnal de utilizare a internetului (inclusiv adresa dumneavoastr\u0103 IP) \u0219i informa\u021bii privind comportamentul vizitatorului \u00eentr-o form\u0103 anonim\u0103 \u2013 sunt transmise c\u0103tre Google \u0219i stocate de aceasta, inclusiv pe servere din Statele Unite. \u00cenainte de a fi transmis\u0103 c\u0103tre Google, adresa dvs. IP este anonimizat\u0103.<\/p>\n<p>\u00cen conformitate cu certificarea sa privind \u201escutul de confiden\u021bialitate\u201d (Privacy Shield), Google declar\u0103 c\u0103 respect\u0103 cadrul UE-SUA privind acest scut. Google poate transfera informa\u021biile colectate de Google Analytics c\u0103tre o ter\u021b\u0103 parte, atunci c\u00e2nd legisla\u021bia impune acest lucru sau atunci c\u00e2nd respectiva ter\u021b\u0103 parte prelucreaz\u0103 informa\u021biile \u00een numele Google.   \u00cen conformitate cu condi\u021biile de utilizare ale Google Analytics, Google nu va asocia adresa IP a utilizatorilor cu niciun fel de alte date de\u021binute de Google.   Pute\u021bi refuza utilizarea cookie-urilor Google Analytics desc\u0103rc\u00e2nd \u0219i instal\u00e2nd Google Analytics Opt-out Browser Add-on. Prin utilizarea website-urilor noastre sunte\u021bi de acord cu prelucrarea datelor despre dvs. de c\u0103tre Google, \u00een modul \u0219i \u00een scopurile men\u021bionate mai sus.  <\/p>\n<h6>Cum pot fi controlate cookie-urile?  <\/h6>\n<p>Pute\u021bi controla \u0219i\/sau \u0219terge cookie-uri dup\u0103 cum dori\u021bi, iar majoritatea browserelor v\u0103 permit: <\/p>\n<ul style=\"list-style: none;\">\n<li>\u2013 s\u0103 v\u0103 anun\u021be ori de c\u00e2te ori primi\u021bi c\u00e2te un cookie <\/li>\n<li>\u2013 s\u0103 vede\u021bi ce cookie-uri ave\u021bi \u0219i s\u0103 le \u0219terge\u021bi \u00een mod individual <\/li>\n<li>\u2013 s\u0103 bloca\u021bi cookie-uri ale unor ter\u021be p\u0103r\u021bi <\/li>\n<li>\u2013 s\u0103 bloca\u021bi cookie-uri ale anumitor site-uri <\/li>\n<li>\u2013 s\u0103 bloca\u021bi toate cookie-urile <\/li>\n<li>\u2013 s\u0103 \u0219terge\u021bi toate cookie-urile atunci c\u00e2nd \u00eenchide\u021bi browser-ul <\/li>\n<li>\u2013 s\u0103 seta\u021bi browser-ul s\u0103 accepte cookie-uri de la un site anume.<\/li>\n<\/ul>\n<p>Dezactivarea sau refuzul de a primi cookie-uri pot face site-ul inutilizabil sau dificil de vizitat \u0219i folosit.   Pute\u021bi \u0219terge toate cookie-urile care sunt deja pe calculatorul dumneavoastr\u0103 \u0219i pute\u021bi configura majoritatea browserelor s\u0103 \u00eempiedice plasarea acestora. Dac\u0103 opta\u021bi pentru \u0219tergerea cookie-urilor, trebuie s\u0103 ave\u021bi \u00een vedere c\u0103 eventualele preferin\u021be se vor pierde.<\/p>\n<p>\u00cen acest sens, v\u0103 inform\u0103m c\u0103 unele sec\u021biuni ale website-urilor noastre nu vor putea fi vizualizate normal dac\u0103 a\u021bi setat browser-ul dvs. s\u0103 resping\u0103 cookie-urile. De asemenea, dac\u0103 bloca\u021bi cookie-urile complet, numeroase site-uri (inclusiv ale noastre) nu vor func\u021biona \u00een mod adecvat. Nu pentru c\u0103 ne dorim acest lucru, ci pentru c\u0103 unele func\u021bii ale website-urilor (spre exemplu, paginile \u00een care va trebui s\u0103 v\u0103 autentifica\u021bi pentru a accesa con\u021binutul) nu pot func\u021biona corect f\u0103r\u0103 folosirea cookie-urilor. Din aceste motive, nu v\u0103 recomand\u0103m s\u0103 bloca\u021bi complet cookie-urile atunci c\u00e2nd utiliza\u021bi website-urile noastre. Pentru mai multe detalii despre modul \u00een care utiliz\u0103m fi\u0219ierele de tip cookies v\u0103 rug\u0103m s\u0103 consulta\u021bi \u201ePolitica privind utilizarea cookies\u201d. <\/p>\n<p>Prezentul set de Termeni \u0219i Condi\u021bii a fost actualizat ultima dat\u0103 la data de 14 Mai 2024.<\/p>\n","protected":false},"excerpt":{"rendered":"<p>Acest website este de\u021binut \u0219i administrat, direct sau prin ter\u021bi, de c\u0103tre societatea Dr. Reddy&#8217;s Laboratories Romania SRL, cu sediul \u00een Strada Daniel Danielopolu nr. 30-32, spa\u021biul 1, etaj 5, cod po\u0219tal 074134, sector 1, Bucure\u0219ti, \u00eenregistrat\u0103 la Registrul Comer\u021bului cu nr. J40\/6590\/2010, CUI: RO27144903, Tel\/Fax: +40 212240032, E-mail: office@drreddys.ro, denumit\u0103 \u00een continuare DR. REDDY\u2019S.<\/p>\n","protected":false},"author":1,"featured_media":0,"parent":0,"menu_order":0,"comment_status":"closed","ping_status":"closed","template":"","meta":[],"_links":{"self":[{"href":"https:\/\/drrmasterclass.ro\/gastro\/wp-json\/wp\/v2\/pages\/190"}],"collection":[{"href":"https:\/\/drrmasterclass.ro\/gastro\/wp-json\/wp\/v2\/pages"}],"about":[{"href":"https:\/\/drrmasterclass.ro\/gastro\/wp-json\/wp\/v2\/types\/page"}],"author":[{"embeddable":true,"href":"https:\/\/drrmasterclass.ro\/gastro\/wp-json\/wp\/v2\/users\/1"}],"replies":[{"embeddable":true,"href":"https:\/\/drrmasterclass.ro\/gastro\/wp-json\/wp\/v2\/comments?post=190"}],"version-history":[{"count":2,"href":"https:\/\/drrmasterclass.ro\/gastro\/wp-json\/wp\/v2\/pages\/190\/revisions"}],"predecessor-version":[{"id":1696,"href":"https:\/\/drrmasterclass.ro\/gastro\/wp-json\/wp\/v2\/pages\/190\/revisions\/1696"}],"wp:attachment":[{"href":"https:\/\/drrmasterclass.ro\/gastro\/wp-json\/wp\/v2\/media?parent=190"}],"curies":[{"name":"wp","href":"https:\/\/api.w.org\/{rel}","templated":true}]}}